{"id":3135,"date":"2019-06-12T09:33:55","date_gmt":"2019-06-12T09:33:55","guid":{"rendered":"http:\/\/source.wpopal.com\/konstruktic\/?page_id=3135"},"modified":"2025-04-21T10:04:33","modified_gmt":"2025-04-21T10:04:33","slug":"contact","status":"publish","type":"page","link":"https:\/\/swissas.com.tr\/it\/contact\/","title":{"rendered":"Contatto"},"content":{"rendered":"<div data-elementor-type=\"wp-post\" data-elementor-id=\"3135\" class=\"elementor elementor-3135\" data-elementor-post-type=\"page\">\n\t\t\t\t\t\t<section class=\"elementor-section elementor-top-section elementor-element elementor-element-c01d086 elementor-section-boxed elementor-section-height-default elementor-section-height-default\" data-id=\"c01d086\" data-element_type=\"section\" data-e-type=\"section\">\n\t\t\t\t\t\t<div class=\"elementor-container elementor-column-gap-no\">\n\t\t\t\t\t<div class=\"elementor-column elementor-col-50 elementor-top-column elementor-element elementor-element-b7588f6\" data-id=\"b7588f6\" data-element_type=\"column\" data-e-type=\"column\">\n\t\t\t<div class=\"elementor-widget-wrap elementor-element-populated\">\n\t\t\t\t\t\t<div class=\"elementor-element elementor-element-5e1fa25 elementor-widget elementor-widget-google_maps\" data-id=\"5e1fa25\" data-element_type=\"widget\" data-e-type=\"widget\" data-widget_type=\"google_maps.default\">\n\t\t\t\t<div class=\"elementor-widget-container\">\n\t\t\t\t\t\t\t<div class=\"elementor-custom-embed\">\n\t\t\t<iframe loading=\"lazy\"\n\t\t\t\t\tsrc=\"https:\/\/maps.google.com\/maps?q=Mall%20of%20%C4%B0stanbul&#038;t=m&#038;z=14&#038;output=embed&#038;iwloc=near\"\n\t\t\t\t\ttitle=\"Mall of \u0130stanbul\"\n\t\t\t\t\taria-label=\"Mall of \u0130stanbul\"\n\t\t\t><\/iframe>\n\t\t<\/div>\n\t\t\t\t\t\t<\/div>\n\t\t\t\t<\/div>\n\t\t\t\t\t<\/div>\n\t\t<\/div>\n\t\t\t\t<div class=\"elementor-column elementor-col-50 elementor-top-column elementor-element elementor-element-69d6b4c\" data-id=\"69d6b4c\" data-element_type=\"column\" data-e-type=\"column\">\n\t\t\t<div class=\"elementor-widget-wrap elementor-element-populated\">\n\t\t\t\t\t\t<div class=\"elementor-element elementor-element-8437b9b elementor-widget elementor-widget-heading\" data-id=\"8437b9b\" data-element_type=\"widget\" data-e-type=\"widget\" data-widget_type=\"heading.default\">\n\t\t\t\t<div class=\"elementor-widget-container\">\n\t\t\t\t\t<h2 class=\"elementor-heading-title elementor-size-default\">\u0130STANBUL<\/h2>\t\t\t\t<\/div>\n\t\t\t\t<\/div>\n\t\t\t\t<div class=\"elementor-element elementor-element-33f5a7d elementor-widget elementor-widget-icon-list\" data-id=\"33f5a7d\" data-element_type=\"widget\" data-e-type=\"widget\" data-widget_type=\"icon-list.default\">\n\t\t\t\t<div class=\"elementor-widget-container\">\n\t\t\t\t\t        <ul class=\"elementor-icon-list-items\">\n                            <li class=\"elementor-icon-list-item\" >\n                                            <span class=\"elementor-icon-list-icon\">\n\t\t\t\t\t\t\t<i class=\"opal-icon-map-marker-alt\" aria-hidden=\"true\"><\/i>\n\t\t\t\t\t\t<\/span>\n                                        <span class=\"elementor-icon-list-text\">Ziya G\u00f6kalp Mah., S\u00fcleyman Demirel Bulv. Mall of \u0130stanbul 'The Office' No:7E\/102 \u0130stanbul\/T\u00dcRK\u0130YE<\/span>\n                                    <\/li>\n                            <li class=\"elementor-icon-list-item\" >\n                    <a href=\"tel:+902128090020\" target=\"_blank\">                        <span class=\"elementor-icon-list-icon\">\n\t\t\t\t\t\t\t<i class=\"opal-icon-phone-volume\" aria-hidden=\"true\"><\/i>\n\t\t\t\t\t\t<\/span>\n                                        <span class=\"elementor-icon-list-text\">+90 (212) 809 00 20<\/span>\n                                            <\/a>\n                                    <\/li>\n                            <li class=\"elementor-icon-list-item\" >\n                    <a href=\"tel:+902128090021\" target=\"_blank\">                        <span class=\"elementor-icon-list-icon\">\n\t\t\t\t\t\t\t<i class=\"opal-icon-phone-volume\" aria-hidden=\"true\"><\/i>\n\t\t\t\t\t\t<\/span>\n                                        <span class=\"elementor-icon-list-text\">+90 (212) 809 00 21<\/span>\n                                            <\/a>\n                                    <\/li>\n                            <li class=\"elementor-icon-list-item\" >\n                    <a href=\"mailto:info@swissas.com.tr\" target=\"_blank\">                        <span class=\"elementor-icon-list-icon\">\n\t\t\t\t\t\t\t<i class=\"opal-icon-envelope-open-text\" aria-hidden=\"true\"><\/i>\n\t\t\t\t\t\t<\/span>\n                                        <span class=\"elementor-icon-list-text\">info@swissas.com.tr<\/span>\n                                            <\/a>\n                                    <\/li>\n                            <li class=\"elementor-icon-list-item\" >\n                    <a href=\"mailto:info@swissas.com.tr\" target=\"_blank\">                        <span class=\"elementor-icon-list-icon\">\n\t\t\t\t\t\t\t<i class=\"opal-icon-envelope-open-text\" aria-hidden=\"true\"><\/i>\n\t\t\t\t\t\t<\/span>\n                                        <span class=\"elementor-icon-list-text\">info@swissas.com.tr<\/span>\n                                            <\/a>\n                                    <\/li>\n                    <\/ul>\n        \t\t\t\t<\/div>\n\t\t\t\t<\/div>\n\t\t\t\t\t<\/div>\n\t\t<\/div>\n\t\t\t\t\t<\/div>\n\t\t<\/section>\n\t\t\t\t<section class=\"elementor-section elementor-top-section elementor-element elementor-element-c2f2f8b elementor-reverse-mobile elementor-section-boxed elementor-section-height-default elementor-section-height-default\" data-id=\"c2f2f8b\" data-element_type=\"section\" data-e-type=\"section\">\n\t\t\t\t\t\t<div class=\"elementor-container elementor-column-gap-no\">\n\t\t\t\t\t<div class=\"elementor-column elementor-col-50 elementor-top-column elementor-element elementor-element-4b87f0f\" data-id=\"4b87f0f\" data-element_type=\"column\" data-e-type=\"column\">\n\t\t\t<div class=\"elementor-widget-wrap elementor-element-populated\">\n\t\t\t\t\t\t<div class=\"elementor-element elementor-element-780c659 elementor-widget elementor-widget-heading\" data-id=\"780c659\" data-element_type=\"widget\" data-e-type=\"widget\" data-widget_type=\"heading.default\">\n\t\t\t\t<div class=\"elementor-widget-container\">\n\t\t\t\t\t<h2 class=\"elementor-heading-title elementor-size-default\">SCHINDELLEGI<\/h2>\t\t\t\t<\/div>\n\t\t\t\t<\/div>\n\t\t\t\t<div class=\"elementor-element elementor-element-b811f91 elementor-widget elementor-widget-icon-list\" data-id=\"b811f91\" data-element_type=\"widget\" data-e-type=\"widget\" data-widget_type=\"icon-list.default\">\n\t\t\t\t<div class=\"elementor-widget-container\">\n\t\t\t\t\t        <ul class=\"elementor-icon-list-items\">\n                            <li class=\"elementor-icon-list-item\" >\n                                            <span class=\"elementor-icon-list-icon\">\n\t\t\t\t\t\t\t<i class=\"opal-icon-map-marker-alt\" aria-hidden=\"true\"><\/i>\n\t\t\t\t\t\t<\/span>\n                                        <span class=\"elementor-icon-list-text\">Chaltenbodenstrasse 6C 8834 <br> Schindellegi\/SWITZERLAND<\/span>\n                                    <\/li>\n                            <li class=\"elementor-icon-list-item\" >\n                    <a href=\"mailto:info@swissas.com.tr\" target=\"_blank\">                        <span class=\"elementor-icon-list-icon\">\n\t\t\t\t\t\t\t<i class=\"opal-icon-envelope-open-text\" aria-hidden=\"true\"><\/i>\n\t\t\t\t\t\t<\/span>\n                                        <span class=\"elementor-icon-list-text\">info@swissas.com.tr<\/span>\n                                            <\/a>\n                                    <\/li>\n                            <li class=\"elementor-icon-list-item\" >\n                    <a href=\"mailto:info@swissas.com.tr\" target=\"_blank\">                        <span class=\"elementor-icon-list-icon\">\n\t\t\t\t\t\t\t<i class=\"opal-icon-envelope-open-text\" aria-hidden=\"true\"><\/i>\n\t\t\t\t\t\t<\/span>\n                                        <span class=\"elementor-icon-list-text\">info@swissas.com.tr<\/span>\n                                            <\/a>\n                                    <\/li>\n                    <\/ul>\n        \t\t\t\t<\/div>\n\t\t\t\t<\/div>\n\t\t\t\t\t<\/div>\n\t\t<\/div>\n\t\t\t\t<div class=\"elementor-column elementor-col-50 elementor-top-column elementor-element elementor-element-c8e7339\" data-id=\"c8e7339\" data-element_type=\"column\" data-e-type=\"column\">\n\t\t\t<div class=\"elementor-widget-wrap elementor-element-populated\">\n\t\t\t\t\t\t<div class=\"elementor-element elementor-element-f9e46be elementor-widget elementor-widget-google_maps\" data-id=\"f9e46be\" data-element_type=\"widget\" data-e-type=\"widget\" data-widget_type=\"google_maps.default\">\n\t\t\t\t<div class=\"elementor-widget-container\">\n\t\t\t\t\t\t\t<div class=\"elementor-custom-embed\">\n\t\t\t<iframe loading=\"lazy\"\n\t\t\t\t\tsrc=\"https:\/\/maps.google.com\/maps?q=Schulweg%204%2C%204562%20Biberist&#038;t=m&#038;z=16&#038;output=embed&#038;iwloc=near\"\n\t\t\t\t\ttitle=\"Schulweg 4, 4562 Biberist\"\n\t\t\t\t\taria-label=\"Schulweg 4, 4562 Biberist\"\n\t\t\t><\/iframe>\n\t\t<\/div>\n\t\t\t\t\t\t<\/div>\n\t\t\t\t<\/div>\n\t\t\t\t\t<\/div>\n\t\t<\/div>\n\t\t\t\t\t<\/div>\n\t\t<\/section>\n\t\t\t\t<section class=\"elementor-section elementor-top-section elementor-element elementor-element-4434d7a elementor-section-boxed elementor-section-height-default elementor-section-height-default\" data-id=\"4434d7a\" data-element_type=\"section\" data-e-type=\"section\">\n\t\t\t\t\t\t<div class=\"elementor-container elementor-column-gap-default\">\n\t\t\t\t\t<div class=\"elementor-column elementor-col-100 elementor-top-column elementor-element elementor-element-673b43f opal-box-clip\" data-id=\"673b43f\" data-element_type=\"column\" data-e-type=\"column\" data-settings=\"{&quot;background_background&quot;:&quot;classic&quot;}\">\n\t\t\t<div class=\"elementor-widget-wrap elementor-element-populated\">\n\t\t\t\t\t\t<div class=\"elementor-element elementor-element-3f752d1 elementor-widget elementor-widget-heading\" data-id=\"3f752d1\" data-element_type=\"widget\" data-e-type=\"widget\" data-widget_type=\"heading.default\">\n\t\t\t\t<div class=\"elementor-widget-container\">\n\t\t\t\t\t<h2 class=\"elementor-heading-title elementor-size-default\">Contattate<\/h2>\t\t\t\t<\/div>\n\t\t\t\t<\/div>\n\t\t\t\t<div class=\"elementor-element elementor-element-73265a1 elementor-widget elementor-widget-text-editor\" data-id=\"73265a1\" data-element_type=\"widget\" data-e-type=\"widget\" data-widget_type=\"text-editor.default\">\n\t\t\t\t<div class=\"elementor-widget-container\">\n\t\t\t\t\t        <div class=\"elementor-text-editor elementor-clearfix\"><p class=\"\" data-start=\"151\" data-end=\"396\">Se avete una domanda, un progetto in mente o semplicemente volete saperne di pi\u00f9 su quello che facciamo, contattateci.\u00a0<\/p><\/div>\n        \t\t\t\t<\/div>\n\t\t\t\t<\/div>\n\t\t\t\t<div class=\"elementor-element elementor-element-0aff90e elementor-wpcf7-button-sm elementor-wpcf7-button-primary elementor-widget elementor-widget-opal-contactform7\" data-id=\"0aff90e\" data-element_type=\"widget\" data-e-type=\"widget\" data-widget_type=\"opal-contactform7.default\">\n\t\t\t\t<div class=\"elementor-widget-container\">\n\t\t\t\t\t\n<div class=\"wpcf7 no-js\" id=\"wpcf7-f4358-o1\" lang=\"en-US\" dir=\"ltr\" data-wpcf7-id=\"4358\">\n<div class=\"screen-reader-response\"><p role=\"status\" aria-live=\"polite\" aria-atomic=\"true\"><\/p> <ul><\/ul><\/div>\n<form action=\"\/it\/wp-json\/wp\/v2\/pages\/3135#wpcf7-f4358-o1\" method=\"post\" class=\"wpcf7-form init\" aria-label=\"Contact form\" novalidate=\"novalidate\" data-status=\"init\" data-trp-original-action=\"\/it\/wp-json\/wp\/v2\/pages\/3135#wpcf7-f4358-o1\">\n<fieldset class=\"hidden-fields-container\"><input type=\"hidden\" name=\"_wpcf7\" value=\"4358\" \/><input type=\"hidden\" name=\"_wpcf7_version\" value=\"6.1.3\" \/><input type=\"hidden\" name=\"_wpcf7_locale\" value=\"en_US\" \/><input type=\"hidden\" name=\"_wpcf7_unit_tag\" value=\"wpcf7-f4358-o1\" \/><input type=\"hidden\" name=\"_wpcf7_container_post\" value=\"0\" \/><input type=\"hidden\" name=\"_wpcf7_posted_data_hash\" value=\"\" \/>\n<\/fieldset>\n<div class=\"form-style-8\">\n\t<div class=\"columns_wrap\">\n\t\t<div class=\"column-1_1\">\n\t\t\t<p><span class=\"style-line\"><span class=\"wpcf7-form-control-wrap\" data-name=\"your-name\"><input size=\"40\" maxlength=\"400\" class=\"wpcf7-form-control wpcf7-text wpcf7-validates-as-required\" aria-required=\"true\" aria-invalid=\"false\" placeholder=\"Nome\" value=\"\" type=\"text\" name=\"your-name\" \/><\/span><\/span>\n\t\t\t<\/p>\n\t\t<\/div>\n\t<\/div>\n\t<div class=\"columns_wrap\">\n\t\t<div class=\"column-1_1\">\n\t\t\t<p><span class=\"style-line\"><span class=\"wpcf7-form-control-wrap\" data-name=\"your-phone\"><input size=\"40\" maxlength=\"400\" class=\"wpcf7-form-control wpcf7-tel wpcf7-validates-as-required wpcf7-text wpcf7-validates-as-tel\" aria-required=\"true\" aria-invalid=\"false\" placeholder=\"Telefono\" value=\"\" type=\"tel\" name=\"your-phone\" \/><\/span><\/span>\n\t\t\t<\/p>\n\t\t<\/div>\n\t<\/div>\n\t<div class=\"columns_wrap\">\n\t\t<div class=\"column-1_1\">\n\t\t\t<p><span class=\"style-line\"><span class=\"wpcf7-form-control-wrap\" data-name=\"your-email\"><input size=\"40\" maxlength=\"400\" class=\"wpcf7-form-control wpcf7-email wpcf7-validates-as-required wpcf7-text wpcf7-validates-as-email\" aria-required=\"true\" aria-invalid=\"false\" placeholder=\"Posta\" value=\"\" type=\"email\" name=\"your-email\" \/><\/span><\/span>\n\t\t\t<\/p>\n\t\t<\/div>\n\t<\/div>\n\t<div class=\"columns_wrap margin-bottom\">\n\t\t<div class=\"column-1_1\">\n\t\t\t<p><span class=\"style-line\"><span class=\"wpcf7-form-control-wrap\" data-name=\"your-message\"><textarea cols=\"40\" rows=\"10\" maxlength=\"2000\" class=\"wpcf7-form-control wpcf7-textarea\" aria-invalid=\"false\" placeholder=\"Messaggio\" name=\"your-message\"><\/textarea><\/span><\/span>\n\t\t\t<\/p>\n\t\t<\/div>\n\t<\/div>\n\t<p><input class=\"wpcf7-form-control wpcf7-submit has-spinner\" type=\"submit\" value=\"Invia\" \/>\n\t<\/p>\n<\/div><div class=\"wpcf7-response-output\" aria-hidden=\"true\"><\/div>\n<input type=\"hidden\" name=\"trp-form-language\" value=\"it\"\/><\/form>\n<\/div>\n\t\t\t\t<\/div>\n\t\t\t\t<\/div>\n\t\t\t\t\t<\/div>\n\t\t<\/div>\n\t\t\t\t\t<\/div>\n\t\t<\/section>\n\t\t\t\t<\/div>","protected":false},"excerpt":{"rendered":"<p>\u0130STANBUL Ziya G\u00f6kalp Mah., S\u00fcleyman Demirel Bulv. Mall of \u0130stanbul &#8216;The Office&#8217; No:7E\/102 \u0130stanbul\/T\u00dcRK\u0130YE +90 (212) 809 00 20 +90 (212) 809 00 21 info@swissas.com.tr info@swissas.com.tr SCHINDELLEGI Chaltenbodenstrasse 6C 8834 Schindellegi\/SWITZERLAND info@swissas.com.tr info@swissas.com.tr Get in touch Whether you have a question, a project in mind, or just want to learn more about what we do\u2014reach &hellip; <\/p>\n<p class=\"link-more\"><a href=\"https:\/\/swissas.com.tr\/it\/contact\/\" class=\"more-link\">Per saperne di pi\u00f9 <i class=\"opal-icon-long-arrow-right\"><\/i><span class=\"screen-reader-text\"> &#8220;Contact&#8221;<\/span><\/a><\/p>","protected":false},"author":1,"featured_media":0,"parent":0,"menu_order":0,"comment_status":"closed","ping_status":"closed","template":"page-elementor.php","meta":{"footnotes":""},"class_list":["post-3135","page","type-page","status-publish","hentry"],"yoast_head":"<!-- This site is optimized with the Yoast SEO plugin v27.5 - https:\/\/yoast.com\/product\/yoast-seo-wordpress\/ -->\n<title>Contact - SW\u0130SS A \u015e<\/title>\n<meta name=\"robots\" content=\"index, follow, max-snippet:-1, max-image-preview:large, max-video-preview:-1\" \/>\n<link rel=\"canonical\" href=\"https:\/\/swissas.com.tr\/it\/contact\/\" \/>\n<meta property=\"og:locale\" content=\"it_IT\" \/>\n<meta property=\"og:type\" content=\"article\" \/>\n<meta property=\"og:title\" content=\"Contact - SW\u0130SS A \u015e\" \/>\n<meta property=\"og:description\" content=\"\u0130STANBUL Ziya G\u00f6kalp Mah., S\u00fcleyman Demirel Bulv. Mall of \u0130stanbul &#8216;The Office&#8217; No:7E\/102 \u0130stanbul\/T\u00dcRK\u0130YE +90 (212) 809 00 20 +90 (212) 809 00 21 info@swissas.com.tr info@swissas.com.tr SCHINDELLEGI Chaltenbodenstrasse 6C 8834 Schindellegi\/SWITZERLAND info@swissas.com.tr info@swissas.com.tr Get in touch Whether you have a question, a project in mind, or just want to learn more about what we do\u2014reach &hellip; Read More &quot;Contact&quot;\" \/>\n<meta property=\"og:url\" content=\"https:\/\/swissas.com.tr\/it\/contact\/\" \/>\n<meta property=\"og:site_name\" content=\"SW\u0130SS A \u015e\" \/>\n<meta property=\"article:modified_time\" content=\"2025-04-21T10:04:33+00:00\" \/>\n<meta name=\"twitter:card\" content=\"summary_large_image\" \/>\n<script type=\"application\/ld+json\" class=\"yoast-schema-graph\">{\"@context\":\"https:\\\/\\\/schema.org\",\"@graph\":[{\"@type\":\"WebPage\",\"@id\":\"https:\\\/\\\/swissas.com.tr\\\/contact\\\/\",\"url\":\"https:\\\/\\\/swissas.com.tr\\\/contact\\\/\",\"name\":\"Contact - SW\u0130SS A \u015e\",\"isPartOf\":{\"@id\":\"https:\\\/\\\/swissas.com.tr\\\/#website\"},\"datePublished\":\"2019-06-12T09:33:55+00:00\",\"dateModified\":\"2025-04-21T10:04:33+00:00\",\"breadcrumb\":{\"@id\":\"https:\\\/\\\/swissas.com.tr\\\/contact\\\/#breadcrumb\"},\"inLanguage\":\"it-IT\",\"potentialAction\":[{\"@type\":\"ReadAction\",\"target\":[\"https:\\\/\\\/swissas.com.tr\\\/contact\\\/\"]}]},{\"@type\":\"BreadcrumbList\",\"@id\":\"https:\\\/\\\/swissas.com.tr\\\/contact\\\/#breadcrumb\",\"itemListElement\":[{\"@type\":\"ListItem\",\"position\":1,\"name\":\"Home\",\"item\":\"https:\\\/\\\/swissas.com.tr\\\/\"},{\"@type\":\"ListItem\",\"position\":2,\"name\":\"Contact\"}]},{\"@type\":\"WebSite\",\"@id\":\"https:\\\/\\\/swissas.com.tr\\\/#website\",\"url\":\"https:\\\/\\\/swissas.com.tr\\\/\",\"name\":\"SWISS A \u015e\",\"description\":\"\",\"publisher\":{\"@id\":\"https:\\\/\\\/swissas.com.tr\\\/#organization\"},\"potentialAction\":[{\"@type\":\"SearchAction\",\"target\":{\"@type\":\"EntryPoint\",\"urlTemplate\":\"https:\\\/\\\/swissas.com.tr\\\/?s={search_term_string}\"},\"query-input\":{\"@type\":\"PropertyValueSpecification\",\"valueRequired\":true,\"valueName\":\"search_term_string\"}}],\"inLanguage\":\"it-IT\"},{\"@type\":\"Organization\",\"@id\":\"https:\\\/\\\/swissas.com.tr\\\/#organization\",\"name\":\"SWISS A \u015e\",\"url\":\"https:\\\/\\\/swissas.com.tr\\\/\",\"logo\":{\"@type\":\"ImageObject\",\"inLanguage\":\"it-IT\",\"@id\":\"https:\\\/\\\/swissas.com.tr\\\/#\\\/schema\\\/logo\\\/image\\\/\",\"url\":\"https:\\\/\\\/swissas.com.tr\\\/wp-content\\\/uploads\\\/2019\\\/06\\\/cropped-\u062a\u0635\u0645\u064a\u0645-\u0628\u062f\u0648\u0646-\u0639\u0646\u0648\u0627\u0646-8-scaled-1.png\",\"contentUrl\":\"https:\\\/\\\/swissas.com.tr\\\/wp-content\\\/uploads\\\/2019\\\/06\\\/cropped-\u062a\u0635\u0645\u064a\u0645-\u0628\u062f\u0648\u0646-\u0639\u0646\u0648\u0627\u0646-8-scaled-1.png\",\"width\":2555,\"height\":2555,\"caption\":\"SWISS A \u015e\"},\"image\":{\"@id\":\"https:\\\/\\\/swissas.com.tr\\\/#\\\/schema\\\/logo\\\/image\\\/\"}}]}<\/script>\n<!-- \/ Yoast SEO plugin. -->","yoast_head_json":{"title":"Contact - SW\u0130SS A \u015e","robots":{"index":"index","follow":"follow","max-snippet":"max-snippet:-1","max-image-preview":"max-image-preview:large","max-video-preview":"max-video-preview:-1"},"canonical":"https:\/\/swissas.com.tr\/it\/contact\/","og_locale":"it_IT","og_type":"article","og_title":"Contact - SW\u0130SS A \u015e","og_description":"\u0130STANBUL Ziya G\u00f6kalp Mah., S\u00fcleyman Demirel Bulv. Mall of \u0130stanbul &#8216;The Office&#8217; No:7E\/102 \u0130stanbul\/T\u00dcRK\u0130YE +90 (212) 809 00 20 +90 (212) 809 00 21 info@swissas.com.tr info@swissas.com.tr SCHINDELLEGI Chaltenbodenstrasse 6C 8834 Schindellegi\/SWITZERLAND info@swissas.com.tr info@swissas.com.tr Get in touch Whether you have a question, a project in mind, or just want to learn more about what we do\u2014reach &hellip; Read More \"Contact\"","og_url":"https:\/\/swissas.com.tr\/it\/contact\/","og_site_name":"SW\u0130SS A \u015e","article_modified_time":"2025-04-21T10:04:33+00:00","twitter_card":"summary_large_image","schema":{"@context":"https:\/\/schema.org","@graph":[{"@type":"WebPage","@id":"https:\/\/swissas.com.tr\/contact\/","url":"https:\/\/swissas.com.tr\/contact\/","name":"Contact - SW\u0130SS A \u015e","isPartOf":{"@id":"https:\/\/swissas.com.tr\/#website"},"datePublished":"2019-06-12T09:33:55+00:00","dateModified":"2025-04-21T10:04:33+00:00","breadcrumb":{"@id":"https:\/\/swissas.com.tr\/contact\/#breadcrumb"},"inLanguage":"it-IT","potentialAction":[{"@type":"ReadAction","target":["https:\/\/swissas.com.tr\/contact\/"]}]},{"@type":"BreadcrumbList","@id":"https:\/\/swissas.com.tr\/contact\/#breadcrumb","itemListElement":[{"@type":"ListItem","position":1,"name":"Home","item":"https:\/\/swissas.com.tr\/"},{"@type":"ListItem","position":2,"name":"Contact"}]},{"@type":"WebSite","@id":"https:\/\/swissas.com.tr\/#website","url":"https:\/\/swissas.com.tr\/","name":"SWISS A \u015e","description":"","publisher":{"@id":"https:\/\/swissas.com.tr\/#organization"},"potentialAction":[{"@type":"SearchAction","target":{"@type":"EntryPoint","urlTemplate":"https:\/\/swissas.com.tr\/?s={search_term_string}"},"query-input":{"@type":"PropertyValueSpecification","valueRequired":true,"valueName":"search_term_string"}}],"inLanguage":"it-IT"},{"@type":"Organization","@id":"https:\/\/swissas.com.tr\/#organization","name":"SWISS A \u015e","url":"https:\/\/swissas.com.tr\/","logo":{"@type":"ImageObject","inLanguage":"it-IT","@id":"https:\/\/swissas.com.tr\/#\/schema\/logo\/image\/","url":"https:\/\/swissas.com.tr\/wp-content\/uploads\/2019\/06\/cropped-\u062a\u0635\u0645\u064a\u0645-\u0628\u062f\u0648\u0646-\u0639\u0646\u0648\u0627\u0646-8-scaled-1.png","contentUrl":"https:\/\/swissas.com.tr\/wp-content\/uploads\/2019\/06\/cropped-\u062a\u0635\u0645\u064a\u0645-\u0628\u062f\u0648\u0646-\u0639\u0646\u0648\u0627\u0646-8-scaled-1.png","width":2555,"height":2555,"caption":"SWISS A \u015e"},"image":{"@id":"https:\/\/swissas.com.tr\/#\/schema\/logo\/image\/"}}]}},"_links":{"self":[{"href":"https:\/\/swissas.com.tr\/it\/wp-json\/wp\/v2\/pages\/3135","targetHints":{"allow":["GET"]}}],"collection":[{"href":"https:\/\/swissas.com.tr\/it\/wp-json\/wp\/v2\/pages"}],"about":[{"href":"https:\/\/swissas.com.tr\/it\/wp-json\/wp\/v2\/types\/page"}],"author":[{"embeddable":true,"href":"https:\/\/swissas.com.tr\/it\/wp-json\/wp\/v2\/users\/1"}],"replies":[{"embeddable":true,"href":"https:\/\/swissas.com.tr\/it\/wp-json\/wp\/v2\/comments?post=3135"}],"version-history":[{"count":12,"href":"https:\/\/swissas.com.tr\/it\/wp-json\/wp\/v2\/pages\/3135\/revisions"}],"predecessor-version":[{"id":4453,"href":"https:\/\/swissas.com.tr\/it\/wp-json\/wp\/v2\/pages\/3135\/revisions\/4453"}],"wp:attachment":[{"href":"https:\/\/swissas.com.tr\/it\/wp-json\/wp\/v2\/media?parent=3135"}],"curies":[{"name":"wp","href":"https:\/\/api.w.org\/{rel}","templated":true}]}}